{"id":355,"date":"2016-12-15T11:03:29","date_gmt":"2016-12-15T11:03:29","guid":{"rendered":"https:\/\/round-lake.dustinice.workers.dev:443\/https\/ca.wordpress.org\/?page_id=355"},"modified":"2023-07-26T14:49:29","modified_gmt":"2023-07-26T14:49:29","slug":"meetups","status":"publish","type":"page","link":"https:\/\/round-lake.dustinice.workers.dev:443\/https\/ca.wordpress.org\/meetups\/","title":{"rendered":"Meetups"},"content":{"rendered":"<p>Si voleu comen\u00e7ar a participar amb la comunitat, una bona manera \u00e9s a trav\u00e9s dels diversos\u00a0<em>Meetups<\/em>\u00a0o grups de reunions locals que es fan per tot arreu dels territoris de parla catalana.<\/p>\n<p>A continuaci\u00f3 us oferim un llistat\u00a0de les comunitats locals en actiu, aix\u00ed com enlla\u00e7os als seus respectius\u00a0<em>meetups<\/em>, comptes de Twitter i, si en tenen, la seva web.<\/p>\n<ul>\n<li>Alacant: <a title=\"Meetup WordPress Alacant\" href=\"https:\/\/round-lake.dustinice.workers.dev:443\/http\/www.meetup.com\/es\/WordPress-Alicante\/\" target=\"_blank\" rel=\"noopener\">Meetup<\/a> | <a title=\"Twitter WordPress Alacant\" href=\"https:\/\/round-lake.dustinice.workers.dev:443\/https\/twitter.com\/wpalicante_es\" target=\"_blank\" rel=\"noopener\">Twitter<\/a><\/li>\n<li>Barcelona: <a title=\"Meetup WordPress Barcelona\" href=\"https:\/\/round-lake.dustinice.workers.dev:443\/http\/www.meetup.com\/wordpressbcn\/\" target=\"_blank\" rel=\"noopener\">Meetup<\/a> | <a title=\"Twitter WordPress Barcelona\" href=\"https:\/\/round-lake.dustinice.workers.dev:443\/https\/twitter.com\/WPBarcelona\" target=\"_blank\" rel=\"noopener\">Twitter<\/a>\u00a0| <a href=\"https:\/\/round-lake.dustinice.workers.dev:443\/http\/www.wpbarcelona.com\/\" target=\"_blank\" rel=\"noopener\">Web<\/a><\/li>\n<li>Barcelona WordCamp: <a title=\"Twitter WordCamp Barcelona\" href=\"https:\/\/round-lake.dustinice.workers.dev:443\/https\/twitter.com\/WCBcn\" target=\"_blank\" rel=\"noopener\">Twitter<\/a> | <a title=\"Web WordCamp Barcelona\" href=\"https:\/\/round-lake.dustinice.workers.dev:443\/https\/barcelona.wordcamp.org\/\" target=\"_blank\" rel=\"noopener\">Web<\/a><\/li>\n<li>Catalunya rural: <a href=\"https:\/\/round-lake.dustinice.workers.dev:443\/https\/www.meetup.com\/wordpress-catalunya-rural\/\">Meetup<\/a> | <a href=\"https:\/\/round-lake.dustinice.workers.dev:443\/https\/twitter.com\/wpcatrural\">Twitter<\/a><\/li>\n<li>Granollers: <a href=\"https:\/\/round-lake.dustinice.workers.dev:443\/http\/www.meetup.com\/es-ES\/WordPressGranollers\/\" target=\"_blank\" rel=\"noopener\">Meetup<\/a> | <a href=\"https:\/\/round-lake.dustinice.workers.dev:443\/https\/twitter.com\/wpgranollers\" target=\"_blank\" rel=\"noopener\">Twitter<\/a><\/li>\n<li>Lleida: <a href=\"https:\/\/round-lake.dustinice.workers.dev:443\/https\/www.meetup.com\/WordPress-Lleida\/\">Meetup<\/a> | <a href=\"https:\/\/round-lake.dustinice.workers.dev:443\/https\/twitter.com\/wplleida\/\">Twitter<\/a><\/li>\n<li>Mallorca: <a title=\"Meetup WordPress Mallorca\" href=\"https:\/\/round-lake.dustinice.workers.dev:443\/http\/www.meetup.com\/Mallorca-WordPress-Meetup\/\" target=\"_blank\" rel=\"noopener\">Meetup<\/a> | <a title=\"Twitter WordPress Mallorca\" href=\"https:\/\/round-lake.dustinice.workers.dev:443\/https\/twitter.com\/WPMallorca\" target=\"_blank\" rel=\"noopener\">Twitter<\/a><\/li>\n<li>Matar\u00f3: <a title=\"Meetup WordPress Matar\u00f3\" href=\"https:\/\/round-lake.dustinice.workers.dev:443\/https\/www.meetup.com\/wordpress-mataro\/\" target=\"_blank\" rel=\"noopener\">Meetup<\/a> | <a href=\"https:\/\/round-lake.dustinice.workers.dev:443\/https\/twitter.com\/wp_mataro\">Twitter<\/a><\/li>\n<li>Terrassa: <a title=\"Meetup WordPress Matar\u00f3\" href=\"https:\/\/round-lake.dustinice.workers.dev:443\/https\/www.meetup.com\/terrassa-wordpress-meetup\/\" target=\"_blank\" rel=\"noopener\">Meetup<\/a><\/li>\n<li>Val\u00e8ncia: <a title=\"Meetup WordPress Valencia\" href=\"https:\/\/round-lake.dustinice.workers.dev:443\/http\/www.meetup.com\/wordpress-valencia-meetup\" target=\"_blank\" rel=\"noopener\">Meetup<\/a> | <a title=\"Twitter WordPress Valencia\" href=\"https:\/\/round-lake.dustinice.workers.dev:443\/https\/twitter.com\/_wpvalencia\" target=\"_blank\" rel=\"noopener\">Twitter<\/a> | <a title=\"Web WordPress Valencia\" href=\"https:\/\/round-lake.dustinice.workers.dev:443\/http\/www.wpvalencia.org\/\" target=\"_blank\" rel=\"noopener\">Web<\/a><\/li>\n<\/ul>\n<h2>Falta el <em>Meetup<\/em> del teu poble o ciutat?<\/h2>\n<p>Si veus que en falta cap per posar, avisa&#8217;ns i l&#8217;afegirem!<\/p>\n","protected":false},"excerpt":{"rendered":"<p>Si voleu comen\u00e7ar a participar amb la comunitat, una bona manera \u00e9s a trav\u00e9s dels diversos\u00a0Meetups\u00a0o grups de reunions locals que es fan per tot arreu dels territoris de parla catalana. A continuaci\u00f3 us oferim un llistat\u00a0de les comunitats locals en actiu, aix\u00ed com enlla\u00e7os als seus respectius\u00a0meetups, comptes de Twitter i, si en tenen, [&hellip;]<\/p>\n","protected":false},"author":104017,"featured_media":0,"parent":0,"menu_order":0,"comment_status":"closed","ping_status":"closed","template":"","meta":{"_crdt_document":"","jetpack_post_was_ever_published":false,"footnotes":""},"class_list":["post-355","page","type-page","status-publish","hentry"],"jetpack_sharing_enabled":true,"_links":{"self":[{"href":"https:\/\/round-lake.dustinice.workers.dev:443\/https\/ca.wordpress.org\/wp-json\/wp\/v2\/pages\/355","targetHints":{"allow":["GET"]}}],"collection":[{"href":"https:\/\/round-lake.dustinice.workers.dev:443\/https\/ca.wordpress.org\/wp-json\/wp\/v2\/pages"}],"about":[{"href":"https:\/\/round-lake.dustinice.workers.dev:443\/https\/ca.wordpress.org\/wp-json\/wp\/v2\/types\/page"}],"author":[{"embeddable":true,"href":"https:\/\/round-lake.dustinice.workers.dev:443\/https\/ca.wordpress.org\/wp-json\/wp\/v2\/users\/104017"}],"replies":[{"embeddable":true,"href":"https:\/\/round-lake.dustinice.workers.dev:443\/https\/ca.wordpress.org\/wp-json\/wp\/v2\/comments?post=355"}],"version-history":[{"count":8,"href":"https:\/\/round-lake.dustinice.workers.dev:443\/https\/ca.wordpress.org\/wp-json\/wp\/v2\/pages\/355\/revisions"}],"predecessor-version":[{"id":649,"href":"https:\/\/round-lake.dustinice.workers.dev:443\/https\/ca.wordpress.org\/wp-json\/wp\/v2\/pages\/355\/revisions\/649"}],"wp:attachment":[{"href":"https:\/\/round-lake.dustinice.workers.dev:443\/https\/ca.wordpress.org\/wp-json\/wp\/v2\/media?parent=355"}],"curies":[{"name":"wp","href":"https:\/\/round-lake.dustinice.workers.dev:443\/https\/api.w.org\/{rel}","templated":true}]}}